{"id":2,"date":"2008-08-03T16:08:11","date_gmt":"2008-08-03T14:08:11","guid":{"rendered":"http:\/\/www.vagus.cz\/?page_id=2"},"modified":"2026-01-20T06:08:56","modified_gmt":"2026-01-20T05:08:56","slug":"about","status":"publish","type":"page","link":"https:\/\/www.vagus.cz\/?page_id=2","title":{"rendered":"O n\u00e1s"},"content":{"rendered":"<p>Bulv\u00e1rn\u00ed life style magaz\u00edn pro m\u00e1ni\u010dky, pijany, misantropy, soci\u00e1ln\u00ed nuly, hinduistick\u00e9 satanisty, jejich ro\u0161t\u011bnky a vyznava\u010de kultu knjaze Milo\u0161e.<\/p>\n<p><a rel=\"license\" href=\"http:\/\/creativecommons.org\/licenses\/by-nc-nd\/3.0\/cz\/\"><img decoding=\"async\" alt=\"Licence Creative Commons\" style=\"border-width:0\" src=\"http:\/\/i.creativecommons.org\/l\/by-nc-nd\/3.0\/cz\/88x31.png\" \/><\/a> <a href=\"https:\/\/thetradable.com\/opinions\/clone-watches-gain-wider-attention-as-luxury-prices-keep-rising\" style=\"color:#fff;\">replica watch<\/a> <a href=\"https:\/\/osstftoronto.ca\/news\/2024\/05\/discovering-watchesreplica-to-a-haven-for-luxury-replica-watches\/\" style=\"color:#fff;\">replica watches<\/a><\/p>\n","protected":false},"excerpt":{"rendered":"<p>Bulv\u00e1rn\u00ed life style magaz\u00edn pro m\u00e1ni\u010dky, pijany, misantropy, soci\u00e1ln\u00ed nuly, hinduistick\u00e9 satanisty, jejich ro\u0161t\u011bnky a vyznava\u010de kultu knjaze Milo\u0161e. replica watch replica watches<\/p>\n","protected":false},"author":1,"featured_media":0,"parent":0,"menu_order":0,"comment_status":"open","ping_status":"open","template":"","meta":{"footnotes":""},"class_list":["post-2","page","type-page","status-publish","hentry"],"_links":{"self":[{"href":"https:\/\/www.vagus.cz\/index.php?rest_route=\/wp\/v2\/pages\/2","targetHints":{"allow":["GET"]}}],"collection":[{"href":"https:\/\/www.vagus.cz\/index.php?rest_route=\/wp\/v2\/pages"}],"about":[{"href":"https:\/\/www.vagus.cz\/index.php?rest_route=\/wp\/v2\/types\/page"}],"author":[{"embeddable":true,"href":"https:\/\/www.vagus.cz\/index.php?rest_route=\/wp\/v2\/users\/1"}],"replies":[{"embeddable":true,"href":"https:\/\/www.vagus.cz\/index.php?rest_route=%2Fwp%2Fv2%2Fcomments&post=2"}],"version-history":[{"count":8,"href":"https:\/\/www.vagus.cz\/index.php?rest_route=\/wp\/v2\/pages\/2\/revisions"}],"predecessor-version":[{"id":12000,"href":"https:\/\/www.vagus.cz\/index.php?rest_route=\/wp\/v2\/pages\/2\/revisions\/12000"}],"wp:attachment":[{"href":"https:\/\/www.vagus.cz\/index.php?rest_route=%2Fwp%2Fv2%2Fmedia&parent=2"}],"curies":[{"name":"wp","href":"https:\/\/api.w.org\/{rel}","templated":true}]}}