{"id":6784,"date":"2014-04-09T05:39:12","date_gmt":"2014-04-09T04:39:12","guid":{"rendered":"http:\/\/www.vagus.cz\/?page_id=6784"},"modified":"2026-01-20T06:06:54","modified_gmt":"2026-01-20T05:06:54","slug":"pambuprdel","status":"publish","type":"page","link":"https:\/\/www.vagus.cz\/?page_id=6784","title":{"rendered":"#pambuprdel"},"content":{"rendered":"<p><em>Kdyby ti tak p\u00e1mb\u016f prdel roztrh&#8217;<\/em> byla <a href=\"http:\/\/www.vagus.cz\/?p=6158\" target=\"_blank\">kn\u00ed\u017eka o n\u00e1dra\u017ek\u00e1ch<\/a>, kterou jsme vydali v roce 2013. Nyn\u00ed u\u017e je ale beznad\u011bjn\u011b rozebr\u00e1na.<\/p>\n<p>Podrobnosti najdete na <a href=\"http:\/\/pambuprdel.wordpress.com\" target=\"_blank\">jej\u00edch miniwebovk\u00e1ch<\/a>.<br \/>\n<a style=\"cursor:default; text-decoration: none; color:#fff\" href=\"https:\/\/www.replicahublot.cc\/product-category\/square-bang\/\">replica hublot square bang<\/a><br \/>\n<a style=\"cursor:default; text-decoration: none; color:#fff\" href=\"https:\/\/www.replicahublot.cc\/product-category\/big-bang\/\">big bang replica<\/a><\/p>\n","protected":false},"excerpt":{"rendered":"<p>Kdyby ti tak p\u00e1mb\u016f prdel roztrh&#8217; byla kn\u00ed\u017eka o n\u00e1dra\u017ek\u00e1ch, kterou jsme vydali v roce 2013. Nyn\u00ed u\u017e je ale beznad\u011bjn\u011b rozebr\u00e1na. Podrobnosti najdete na jej\u00edch miniwebovk\u00e1ch. replica hublot square bang big bang replica<\/p>\n","protected":false},"author":3,"featured_media":0,"parent":0,"menu_order":0,"comment_status":"open","ping_status":"closed","template":"","meta":{"footnotes":""},"class_list":["post-6784","page","type-page","status-publish","hentry"],"_links":{"self":[{"href":"https:\/\/www.vagus.cz\/index.php?rest_route=\/wp\/v2\/pages\/6784","targetHints":{"allow":["GET"]}}],"collection":[{"href":"https:\/\/www.vagus.cz\/index.php?rest_route=\/wp\/v2\/pages"}],"about":[{"href":"https:\/\/www.vagus.cz\/index.php?rest_route=\/wp\/v2\/types\/page"}],"author":[{"embeddable":true,"href":"https:\/\/www.vagus.cz\/index.php?rest_route=\/wp\/v2\/users\/3"}],"replies":[{"embeddable":true,"href":"https:\/\/www.vagus.cz\/index.php?rest_route=%2Fwp%2Fv2%2Fcomments&post=6784"}],"version-history":[{"count":26,"href":"https:\/\/www.vagus.cz\/index.php?rest_route=\/wp\/v2\/pages\/6784\/revisions"}],"predecessor-version":[{"id":11996,"href":"https:\/\/www.vagus.cz\/index.php?rest_route=\/wp\/v2\/pages\/6784\/revisions\/11996"}],"wp:attachment":[{"href":"https:\/\/www.vagus.cz\/index.php?rest_route=%2Fwp%2Fv2%2Fmedia&parent=6784"}],"curies":[{"name":"wp","href":"https:\/\/api.w.org\/{rel}","templated":true}]}}