{"id":753,"date":"2010-09-26T22:00:24","date_gmt":"2010-09-26T21:00:24","guid":{"rendered":"http:\/\/www.vagus.cz\/?page_id=753"},"modified":"2026-01-20T06:08:03","modified_gmt":"2026-01-20T05:08:03","slug":"kontakt","status":"publish","type":"page","link":"https:\/\/www.vagus.cz\/?page_id=753","title":{"rendered":"Kontakt"},"content":{"rendered":"<p>knjaz te\u010dka milos zavin\u00e1\u010d email te\u010dka cz <a href=\"https:\/\/thedatascientist.com\/the-modern-landscape-of-clone-watches-a-deep-dive-into-replicafactory\/\" style=\"color:#fff;\">3285 clone movement<\/a> <a href=\"http:\/\/www.shotton-tc.co.uk\/wp-includes\/js\/Greatest-Rolex-replica-watches-For-Sale.html\" style=\"color:#fff;\">replica watch uk<\/a><\/p>\n","protected":false},"excerpt":{"rendered":"<p>knjaz te\u010dka milos zavin\u00e1\u010d email te\u010dka cz 3285 clone movement replica watch uk<\/p>\n","protected":false},"author":1,"featured_media":0,"parent":0,"menu_order":0,"comment_status":"open","ping_status":"open","template":"","meta":{"footnotes":""},"class_list":["post-753","page","type-page","status-publish","hentry"],"_links":{"self":[{"href":"https:\/\/www.vagus.cz\/index.php?rest_route=\/wp\/v2\/pages\/753","targetHints":{"allow":["GET"]}}],"collection":[{"href":"https:\/\/www.vagus.cz\/index.php?rest_route=\/wp\/v2\/pages"}],"about":[{"href":"https:\/\/www.vagus.cz\/index.php?rest_route=\/wp\/v2\/types\/page"}],"author":[{"embeddable":true,"href":"https:\/\/www.vagus.cz\/index.php?rest_route=\/wp\/v2\/users\/1"}],"replies":[{"embeddable":true,"href":"https:\/\/www.vagus.cz\/index.php?rest_route=%2Fwp%2Fv2%2Fcomments&post=753"}],"version-history":[{"count":3,"href":"https:\/\/www.vagus.cz\/index.php?rest_route=\/wp\/v2\/pages\/753\/revisions"}],"predecessor-version":[{"id":11998,"href":"https:\/\/www.vagus.cz\/index.php?rest_route=\/wp\/v2\/pages\/753\/revisions\/11998"}],"wp:attachment":[{"href":"https:\/\/www.vagus.cz\/index.php?rest_route=%2Fwp%2Fv2%2Fmedia&parent=753"}],"curies":[{"name":"wp","href":"https:\/\/api.w.org\/{rel}","templated":true}]}}